{"id":196,"date":"2017-01-31T03:28:50","date_gmt":"2017-01-31T03:28:50","guid":{"rendered":"https:\/\/www.casadeplaya.mx\/?page_id=196\/"},"modified":"2017-01-31T03:28:50","modified_gmt":"2017-01-31T03:28:50","slug":"servicios-de-limpieza","status":"publish","type":"page","link":"https:\/\/www.casadeplaya.mx\/es\/servicios-de-limpieza\/","title":{"rendered":"Servicios de Limpieza"},"content":{"rendered":"<p>Entendemos lo agradable que es cuando uno s\u00f3lo tiene que preocuparse por disfrutar de su estancia.<\/p>\n<p>Una de las ventajas de quedarse con nosotros es que bajo su solicitud, podemos enviar una persona de limpieza para ordenar la casa y as\u00ed no tenga que preocuparse por este detalle. Este servicio tiene un costo fijo adicional. Dependiendo del n\u00famero de d\u00edas que permanezca con nosotros, podemos eliminar la tarifa por cierto n\u00famero de limpiezas.<\/p>\n<p>Recuerde que para su tranquilidad, todas nuestras habitaciones tienen un caj\u00f3n en el armario donde puede poner sus objetos de valor y tenerlos seguros bajo llave.<\/p>\n<h2><\/h2>\n<h2><\/h2>\n","protected":false},"excerpt":{"rendered":"<p>Entendemos lo agradable que es cuando uno s\u00f3lo tiene que preocuparse por disfrutar de su estancia. Una de las ventajas de quedarse con nosotros es que bajo su solicitud, podemos enviar una persona de limpieza para ordenar la casa y as\u00ed no tenga que preocuparse por este detalle. Este servicio tiene un costo fijo adicional. [&hellip;]<\/p>\n","protected":false},"author":1,"featured_media":0,"parent":0,"menu_order":0,"comment_status":"closed","ping_status":"closed","template":"","meta":{"_genesis_hide_title":false,"_genesis_hide_breadcrumbs":false,"_genesis_hide_singular_image":false,"_genesis_hide_footer_widgets":false,"_genesis_custom_body_class":"","_genesis_custom_post_class":"","_genesis_layout":"","footnotes":""},"class_list":{"0":"post-196","1":"page","2":"type-page","3":"status-publish","5":"entry"},"yoast_head":"<!-- This site is optimized with the Yoast SEO plugin v24.5 - https:\/\/yoast.com\/wordpress\/plugins\/seo\/ -->\n<title>Servicios de Limpieza - Casas Privadas en Renta, Playa del Carmen, MX<\/title>\n<meta name=\"robots\" content=\"index, follow, max-snippet:-1, max-image-preview:large, max-video-preview:-1\" \/>\n<link rel=\"canonical\" href=\"https:\/\/www.casadeplaya.mx\/es\/servicios-de-limpieza\/\" \/>\n<meta property=\"og:locale\" content=\"es_ES\" \/>\n<meta property=\"og:type\" content=\"article\" \/>\n<meta property=\"og:title\" content=\"Servicios de Limpieza - Casas Privadas en Renta, Playa del Carmen, MX\" \/>\n<meta property=\"og:description\" content=\"Entendemos lo agradable que es cuando uno s\u00f3lo tiene que preocuparse por disfrutar de su estancia. Una de las ventajas de quedarse con nosotros es que bajo su solicitud, podemos enviar una persona de limpieza para ordenar la casa y as\u00ed no tenga que preocuparse por este detalle. Este servicio tiene un costo fijo adicional. [&hellip;]\" \/>\n<meta property=\"og:url\" content=\"https:\/\/www.casadeplaya.mx\/es\/servicios-de-limpieza\/\" \/>\n<meta property=\"og:site_name\" content=\"Mi Casa, Tu Casa\" \/>\n<meta property=\"article:publisher\" content=\"https:\/\/www.facebook.com\/micasatucasaenplaya\" \/>\n<meta name=\"twitter:card\" content=\"summary_large_image\" \/>\n<meta name=\"twitter:label1\" content=\"Tiempo de lectura\" \/>\n\t<meta name=\"twitter:data1\" content=\"1 minuto\" \/>\n<script type=\"application\/ld+json\" class=\"yoast-schema-graph\">{\"@context\":\"https:\/\/schema.org\",\"@graph\":[{\"@type\":\"WebPage\",\"@id\":\"https:\/\/www.casadeplaya.mx\/es\/servicios-de-limpieza\/\",\"url\":\"https:\/\/www.casadeplaya.mx\/es\/servicios-de-limpieza\/\",\"name\":\"Servicios de Limpieza - Casas Privadas en Renta, Playa del Carmen, MX\",\"isPartOf\":{\"@id\":\"https:\/\/www.casadeplaya.mx\/es\/#website\"},\"datePublished\":\"2017-01-31T03:28:50+00:00\",\"breadcrumb\":{\"@id\":\"https:\/\/www.casadeplaya.mx\/es\/servicios-de-limpieza\/#breadcrumb\"},\"inLanguage\":\"es\",\"potentialAction\":[{\"@type\":\"ReadAction\",\"target\":[\"https:\/\/www.casadeplaya.mx\/es\/servicios-de-limpieza\/\"]}]},{\"@type\":\"BreadcrumbList\",\"@id\":\"https:\/\/www.casadeplaya.mx\/es\/servicios-de-limpieza\/#breadcrumb\",\"itemListElement\":[{\"@type\":\"ListItem\",\"position\":1,\"name\":\"Home\",\"item\":\"https:\/\/www.casadeplaya.mx\/es\/\"},{\"@type\":\"ListItem\",\"position\":2,\"name\":\"Servicios de Limpieza\"}]},{\"@type\":\"WebSite\",\"@id\":\"https:\/\/www.casadeplaya.mx\/es\/#website\",\"url\":\"https:\/\/www.casadeplaya.mx\/es\/\",\"name\":\"Mi Casa, Tu Casa\",\"description\":\"Casas Privadas en Renta, Playa del Carmen, MX\",\"publisher\":{\"@id\":\"https:\/\/www.casadeplaya.mx\/es\/#organization\"},\"potentialAction\":[{\"@type\":\"SearchAction\",\"target\":{\"@type\":\"EntryPoint\",\"urlTemplate\":\"https:\/\/www.casadeplaya.mx\/es\/?s={search_term_string}\"},\"query-input\":{\"@type\":\"PropertyValueSpecification\",\"valueRequired\":true,\"valueName\":\"search_term_string\"}}],\"inLanguage\":\"es\"},{\"@type\":\"Organization\",\"@id\":\"https:\/\/www.casadeplaya.mx\/es\/#organization\",\"name\":\"Mi Casa, Tu Casa\",\"url\":\"https:\/\/www.casadeplaya.mx\/es\/\",\"logo\":{\"@type\":\"ImageObject\",\"inLanguage\":\"es\",\"@id\":\"https:\/\/www.casadeplaya.mx\/es\/#\/schema\/logo\/image\/\",\"url\":\"https:\/\/www.casadeplaya.mx\/wp-content\/uploads\/2021\/01\/cropped-Artboard-1@4x-100-Front.png\",\"contentUrl\":\"https:\/\/www.casadeplaya.mx\/wp-content\/uploads\/2021\/01\/cropped-Artboard-1@4x-100-Front.png\",\"width\":264,\"height\":264,\"caption\":\"Mi Casa, Tu Casa\"},\"image\":{\"@id\":\"https:\/\/www.casadeplaya.mx\/es\/#\/schema\/logo\/image\/\"},\"sameAs\":[\"https:\/\/www.facebook.com\/micasatucasaenplaya\"]}]}<\/script>\n<!-- \/ Yoast SEO plugin. -->","yoast_head_json":{"title":"Servicios de Limpieza - Casas Privadas en Renta, Playa del Carmen, MX","robots":{"index":"index","follow":"follow","max-snippet":"max-snippet:-1","max-image-preview":"max-image-preview:large","max-video-preview":"max-video-preview:-1"},"canonical":"https:\/\/www.casadeplaya.mx\/es\/servicios-de-limpieza\/","og_locale":"es_ES","og_type":"article","og_title":"Servicios de Limpieza - Casas Privadas en Renta, Playa del Carmen, MX","og_description":"Entendemos lo agradable que es cuando uno s\u00f3lo tiene que preocuparse por disfrutar de su estancia. Una de las ventajas de quedarse con nosotros es que bajo su solicitud, podemos enviar una persona de limpieza para ordenar la casa y as\u00ed no tenga que preocuparse por este detalle. Este servicio tiene un costo fijo adicional. [&hellip;]","og_url":"https:\/\/www.casadeplaya.mx\/es\/servicios-de-limpieza\/","og_site_name":"Mi Casa, Tu Casa","article_publisher":"https:\/\/www.facebook.com\/micasatucasaenplaya","twitter_card":"summary_large_image","twitter_misc":{"Tiempo de lectura":"1 minuto"},"schema":{"@context":"https:\/\/schema.org","@graph":[{"@type":"WebPage","@id":"https:\/\/www.casadeplaya.mx\/es\/servicios-de-limpieza\/","url":"https:\/\/www.casadeplaya.mx\/es\/servicios-de-limpieza\/","name":"Servicios de Limpieza - Casas Privadas en Renta, Playa del Carmen, MX","isPartOf":{"@id":"https:\/\/www.casadeplaya.mx\/es\/#website"},"datePublished":"2017-01-31T03:28:50+00:00","breadcrumb":{"@id":"https:\/\/www.casadeplaya.mx\/es\/servicios-de-limpieza\/#breadcrumb"},"inLanguage":"es","potentialAction":[{"@type":"ReadAction","target":["https:\/\/www.casadeplaya.mx\/es\/servicios-de-limpieza\/"]}]},{"@type":"BreadcrumbList","@id":"https:\/\/www.casadeplaya.mx\/es\/servicios-de-limpieza\/#breadcrumb","itemListElement":[{"@type":"ListItem","position":1,"name":"Home","item":"https:\/\/www.casadeplaya.mx\/es\/"},{"@type":"ListItem","position":2,"name":"Servicios de Limpieza"}]},{"@type":"WebSite","@id":"https:\/\/www.casadeplaya.mx\/es\/#website","url":"https:\/\/www.casadeplaya.mx\/es\/","name":"Mi Casa, Tu Casa","description":"Casas Privadas en Renta, Playa del Carmen, MX","publisher":{"@id":"https:\/\/www.casadeplaya.mx\/es\/#organization"},"potentialAction":[{"@type":"SearchAction","target":{"@type":"EntryPoint","urlTemplate":"https:\/\/www.casadeplaya.mx\/es\/?s={search_term_string}"},"query-input":{"@type":"PropertyValueSpecification","valueRequired":true,"valueName":"search_term_string"}}],"inLanguage":"es"},{"@type":"Organization","@id":"https:\/\/www.casadeplaya.mx\/es\/#organization","name":"Mi Casa, Tu Casa","url":"https:\/\/www.casadeplaya.mx\/es\/","logo":{"@type":"ImageObject","inLanguage":"es","@id":"https:\/\/www.casadeplaya.mx\/es\/#\/schema\/logo\/image\/","url":"https:\/\/www.casadeplaya.mx\/wp-content\/uploads\/2021\/01\/cropped-Artboard-1@4x-100-Front.png","contentUrl":"https:\/\/www.casadeplaya.mx\/wp-content\/uploads\/2021\/01\/cropped-Artboard-1@4x-100-Front.png","width":264,"height":264,"caption":"Mi Casa, Tu Casa"},"image":{"@id":"https:\/\/www.casadeplaya.mx\/es\/#\/schema\/logo\/image\/"},"sameAs":["https:\/\/www.facebook.com\/micasatucasaenplaya"]}]}},"featured_image_src":null,"featured_image_src_square":null,"jetpack_sharing_enabled":true,"_links":{"self":[{"href":"https:\/\/www.casadeplaya.mx\/es\/wp-json\/wp\/v2\/pages\/196","targetHints":{"allow":["GET"]}}],"collection":[{"href":"https:\/\/www.casadeplaya.mx\/es\/wp-json\/wp\/v2\/pages"}],"about":[{"href":"https:\/\/www.casadeplaya.mx\/es\/wp-json\/wp\/v2\/types\/page"}],"author":[{"embeddable":true,"href":"https:\/\/www.casadeplaya.mx\/es\/wp-json\/wp\/v2\/users\/1"}],"replies":[{"embeddable":true,"href":"https:\/\/www.casadeplaya.mx\/es\/wp-json\/wp\/v2\/comments?post=196"}],"version-history":[{"count":0,"href":"https:\/\/www.casadeplaya.mx\/es\/wp-json\/wp\/v2\/pages\/196\/revisions"}],"wp:attachment":[{"href":"https:\/\/www.casadeplaya.mx\/es\/wp-json\/wp\/v2\/media?parent=196"}],"curies":[{"name":"wp","href":"https:\/\/api.w.org\/{rel}","templated":true}]}}